{"id":472,"date":"2016-06-16T11:56:42","date_gmt":"2016-06-16T11:56:42","guid":{"rendered":"https:\/\/klenotyfrydrych.cz.eer12.vas-server.cz\/cart\/"},"modified":"2024-09-17T21:42:51","modified_gmt":"2024-09-17T21:42:51","slug":"kosik","status":"publish","type":"page","link":"https:\/\/www.klenotyfrydrych.cz\/?page_id=472","title":{"rendered":"Ko\u0161\u00edk"},"content":{"rendered":"<div class=\"woocommerce\"><div class=\"woocommerce-notices-wrapper\"><\/div><div class=\"wc-empty-cart-message\">\n\t<div class=\"cart-empty woocommerce-info\">\n\t\tV\u00e1\u0161 ko\u0161\u00edk je pr\u00e1zdn\u00fd.\t<\/div>\n<\/div>\t<p class=\"return-to-shop\">\n\t\t<a class=\"button wc-backward\" href=\"https:\/\/www.klenotyfrydrych.cz\/?page_id=112\">\n\t\t\tZp\u011bt do obchodu\t\t<\/a>\n\t<\/p>\n<\/div>\n","protected":false},"excerpt":{"rendered":"V\u00e1\u0161 ko\u0161\u00edk je pr\u00e1zdn\u00fd. Zp\u011bt do obchodu","protected":false},"author":1,"featured_media":0,"parent":0,"menu_order":0,"comment_status":"closed","ping_status":"closed","template":"","meta":{"footnotes":""},"class_list":["post-472","page","type-page","status-publish","hentry"],"_links":{"self":[{"href":"https:\/\/www.klenotyfrydrych.cz\/index.php?rest_route=\/wp\/v2\/pages\/472","targetHints":{"allow":["GET"]}}],"collection":[{"href":"https:\/\/www.klenotyfrydrych.cz\/index.php?rest_route=\/wp\/v2\/pages"}],"about":[{"href":"https:\/\/www.klenotyfrydrych.cz\/index.php?rest_route=\/wp\/v2\/types\/page"}],"author":[{"embeddable":true,"href":"https:\/\/www.klenotyfrydrych.cz\/index.php?rest_route=\/wp\/v2\/users\/1"}],"replies":[{"embeddable":true,"href":"https:\/\/www.klenotyfrydrych.cz\/index.php?rest_route=%2Fwp%2Fv2%2Fcomments&post=472"}],"version-history":[{"count":1,"href":"https:\/\/www.klenotyfrydrych.cz\/index.php?rest_route=\/wp\/v2\/pages\/472\/revisions"}],"predecessor-version":[{"id":1235,"href":"https:\/\/www.klenotyfrydrych.cz\/index.php?rest_route=\/wp\/v2\/pages\/472\/revisions\/1235"}],"wp:attachment":[{"href":"https:\/\/www.klenotyfrydrych.cz\/index.php?rest_route=%2Fwp%2Fv2%2Fmedia&parent=472"}],"curies":[{"name":"wp","href":"https:\/\/api.w.org\/{rel}","templated":true}]}}